{"id":407,"date":"2023-05-23T16:10:33","date_gmt":"2023-05-23T16:10:33","guid":{"rendered":"https:\/\/treudeluxe.com\/our-services\/"},"modified":"2025-10-30T17:34:07","modified_gmt":"2025-10-30T17:34:07","slug":"hizmetlerimiz","status":"publish","type":"page","link":"https:\/\/treudeluxe.com\/tr\/hizmetlerimiz\/","title":{"rendered":"Hizmetlerimiz"},"content":{"rendered":"\t\t<div data-elementor-type=\"wp-page\" data-elementor-id=\"407\" class=\"elementor elementor-407 elementor-58\">\n\t\t\t\t\t\t<section class=\"elementor-section elementor-top-section elementor-element elementor-element-b45a990 scheme_default elementor-section-boxed elementor-section-height-default elementor-section-height-default sc_fly_static\" data-id=\"b45a990\" data-element_type=\"section\" data-settings=\"{&quot;background_background&quot;:&quot;classic&quot;}\">\n\t\t\t\t\t\t<div class=\"elementor-container elementor-column-gap-extended\">\n\t\t\t\t\t<div class=\"elementor-column elementor-col-100 elementor-top-column elementor-element elementor-element-0f2ada0 sc_content_align_inherit sc_layouts_column_icons_position_left sc_fly_static\" data-id=\"0f2ada0\" data-element_type=\"column\">\n\t\t\t<div class=\"elementor-widget-wrap elementor-element-populated\">\n\t\t\t\t\t\t<div class=\"elementor-element elementor-element-2d424b2 sc_height_medium sc_fly_static elementor-widget elementor-widget-spacer\" data-id=\"2d424b2\" data-element_type=\"widget\" data-widget_type=\"spacer.default\">\n\t\t\t\t<div class=\"elementor-widget-container\">\n\t\t\t\t\t\t\t<div class=\"elementor-spacer\">\n\t\t\t<div class=\"elementor-spacer-inner\"><\/div>\n\t\t<\/div>\n\t\t\t\t\t\t<\/div>\n\t\t\t\t<\/div>\n\t\t\t\t<section class=\"elementor-section elementor-inner-section elementor-element elementor-element-f2eea3a elementor-section-boxed elementor-section-height-default elementor-section-height-default sc_fly_static\" data-id=\"f2eea3a\" data-element_type=\"section\">\n\t\t\t\t\t\t<div class=\"elementor-container elementor-column-gap-extended\">\n\t\t\t\t\t<div class=\"elementor-column elementor-col-25 elementor-inner-column elementor-element elementor-element-b4c5fcd sc_content_align_inherit sc_layouts_column_icons_position_left sc_fly_static\" data-id=\"b4c5fcd\" data-element_type=\"column\">\n\t\t\t<div class=\"elementor-widget-wrap\">\n\t\t\t\t\t\t\t<\/div>\n\t\t<\/div>\n\t\t\t\t<div class=\"elementor-column elementor-col-50 elementor-inner-column elementor-element elementor-element-4007880 sc_content_align_inherit sc_layouts_column_icons_position_left sc_fly_static\" data-id=\"4007880\" data-element_type=\"column\">\n\t\t\t<div class=\"elementor-widget-wrap elementor-element-populated\">\n\t\t\t\t\t\t<div class=\"elementor-element elementor-element-a9515ab sc_fly_static elementor-widget elementor-widget-trx_sc_title\" data-id=\"a9515ab\" data-element_type=\"widget\" data-widget_type=\"trx_sc_title.default\">\n\t\t\t\t<div class=\"elementor-widget-container\">\n\t\t\t\t\t<div\t\tclass=\"sc_title sc_title_default\" ><span class=\"sc_item_subtitle sc_title_subtitle sc_align_center sc_item_subtitle_above sc_item_title_style_default\">Premium hizmet<\/span><h1 class=\"sc_item_title sc_title_title sc_align_center sc_item_title_style_default sc_item_title_tag trx_addons_inline_960190015\"\n\t\t\t><span class=\"sc_item_title_text\">Kapsaml\u0131 seyahat hizmeti sunuyoruz<\/span><\/h1><\/div>\t\t\t\t<\/div>\n\t\t\t\t<\/div>\n\t\t\t\t\t<\/div>\n\t\t<\/div>\n\t\t\t\t<div class=\"elementor-column elementor-col-25 elementor-inner-column elementor-element elementor-element-bf08e0a sc_content_align_inherit sc_layouts_column_icons_position_left sc_fly_static\" data-id=\"bf08e0a\" data-element_type=\"column\">\n\t\t\t<div class=\"elementor-widget-wrap\">\n\t\t\t\t\t\t\t<\/div>\n\t\t<\/div>\n\t\t\t\t\t<\/div>\n\t\t<\/section>\n\t\t\t\t<div class=\"elementor-element elementor-element-43f73aa sc_height_small sc_fly_static elementor-widget elementor-widget-spacer\" data-id=\"43f73aa\" data-element_type=\"widget\" data-widget_type=\"spacer.default\">\n\t\t\t\t<div class=\"elementor-widget-container\">\n\t\t\t\t\t\t\t<div class=\"elementor-spacer\">\n\t\t\t<div class=\"elementor-spacer-inner\"><\/div>\n\t\t<\/div>\n\t\t\t\t\t\t<\/div>\n\t\t\t\t<\/div>\n\t\t\t\t<div class=\"elementor-element elementor-element-e96dd42 sc_fly_static elementor-widget elementor-widget-trx_sc_icons\" data-id=\"e96dd42\" data-element_type=\"widget\" data-widget_type=\"trx_sc_icons.default\">\n\t\t\t\t<div class=\"elementor-widget-container\">\n\t\t\t\t\t<div \tclass=\"sc_icons color_style_link2 sc_icons_default sc_icons_size_medium sc_align_center\" ><div class=\"sc_icons_columns_wrap sc_item_columns trx_addons_columns_wrap columns_padding_bottom\" ><div class=\"trx_addons_column-1_3\"><div class=\"sc_icons_item\"><div class=\"sc_icons_icon sc_icon_type_ icon-directional\" style=\"color: #0B1647\" ><span class=\"sc_icon_type_ icon-directional\" style=\"color: #0B1647\"><\/span><\/div><div class=\"sc_icons_item_details\"><h4 class=\"sc_icons_item_title\" style=\"color:#055292;\"><span>L\u00fcks Seyahat Planlama<\/span><\/h4><div class=\"sc_icons_item_description\"><span>\u00d6zel destinasyonlar, VIP deneyimler ve ki\u015fiye \u00f6zel seyahat programlar\u0131.<\/span><\/div><\/div><\/div><\/div><div class=\"trx_addons_column-1_3\"><div class=\"sc_icons_item\"><div class=\"sc_icons_icon sc_icon_type_ icon-jeep\" style=\"color: #0B1647\" ><span class=\"sc_icon_type_ icon-jeep\" style=\"color: #0B1647\"><\/span><\/div><div class=\"sc_icons_item_details\"><h4 class=\"sc_icons_item_title\" style=\"color:#055292;\"><span>\u00d6zel Transfer &amp; Ula\u015f\u0131m<\/span><\/h4><div class=\"sc_icons_item_description\"><span>Havaliman\u0131, \u015fehir i\u00e7i ve VIP ara\u00e7larla konforlu ula\u015f\u0131m.<\/span><\/div><\/div><\/div><\/div><div class=\"trx_addons_column-1_3\"><div class=\"sc_icons_item\"><div class=\"sc_icons_icon sc_icon_type_ icon-luggage_cart-2\" style=\"color: #0B1647\" ><span class=\"sc_icon_type_ icon-luggage_cart-2\" style=\"color: #0B1647\"><\/span><\/div><div class=\"sc_icons_item_details\"><h4 class=\"sc_icons_item_title\" style=\"color:#055292;\"><span>VIP Concierge Hizmetleri<\/span><\/h4><div class=\"sc_icons_item_description\"><span>Rezervasyonlar, etkinlikler ve \u00f6zel talepler i\u00e7in 7\/24 destek.<\/span><\/div><\/div><\/div><\/div><div class=\"trx_addons_column-1_3\"><div class=\"sc_icons_item\"><div class=\"sc_icons_icon sc_icon_type_ icon-dish\" style=\"color: #0B1647\" ><span class=\"sc_icon_type_ icon-dish\" style=\"color: #0B1647\"><\/span><\/div><div class=\"sc_icons_item_details\"><h4 class=\"sc_icons_item_title\" style=\"color:#055292;\"><span>\u00d6zel Etkinlik &amp; Organizasyonlar<\/span><\/h4><div class=\"sc_icons_item_description\"><span>D\u00fc\u011f\u00fcn, kutlama veya kurumsal etkinliklerde l\u00fcks planlama.<\/span><\/div><\/div><\/div><\/div><div class=\"trx_addons_column-1_3\"><div class=\"sc_icons_item\"><div class=\"sc_icons_icon sc_icon_type_ icon-bed\" style=\"color: #0B1647\" ><span class=\"sc_icon_type_ icon-bed\" style=\"color: #0B1647\"><\/span><\/div><div class=\"sc_icons_item_details\"><h4 class=\"sc_icons_item_title\" style=\"color:#055292;\"><span>Premium Konaklama &amp; Rezidanslar<\/span><\/h4><div class=\"sc_icons_item_description\"><span>Butik oteller, \u00f6zel villalar ve se\u00e7kin rezidanslar.<\/span><\/div><\/div><\/div><\/div><div class=\"trx_addons_column-1_3\"><div class=\"sc_icons_item\"><div class=\"sc_icons_icon sc_icon_type_ icon-snorkeling\" style=\"color: #0B1647\" ><span class=\"sc_icon_type_ icon-snorkeling\" style=\"color: #0B1647\"><\/span><\/div><div class=\"sc_icons_item_details\"><h4 class=\"sc_icons_item_title\" style=\"color:#055292;\"><span>Ki\u015fiye \u00d6zel Aktivite ve Deneyimler<\/span><\/h4><div class=\"sc_icons_item_description\"><span>Balon turu, yat gezisi, gastronomik ve k\u00fclt\u00fcrel deneyimler.<\/span><\/div><\/div><\/div><\/div><div class=\"trx_addons_column-1_3\"><div class=\"sc_icons_item\"><div class=\"sc_icons_icon sc_icon_type_ icon-travel-journal\" style=\"color: #0B1647\" ><span class=\"sc_icon_type_ icon-travel-journal\" style=\"color: #0B1647\"><\/span><\/div><div class=\"sc_icons_item_details\"><h4 class=\"sc_icons_item_title\" style=\"color:#055292;\"><span>Online B2B Rezervasyon Sistemi<\/span><\/h4><div class=\"sc_icons_item_description\"><span>Travel acenteleri ve i\u015f ortaklar\u0131 i\u00e7in h\u0131zl\u0131, g\u00fcvenli ve kullan\u0131c\u0131 dostu B2B platformu. Rezervasyonlar, fiyatlar ve \u00f6zel teklifler tek noktadan y\u00f6netilebilir.<\/span><\/div><\/div><\/div><\/div><div class=\"trx_addons_column-1_3\"><div class=\"sc_icons_item\"><div class=\"sc_icons_icon sc_icon_type_ icon-passport\" style=\"color: #0B1647\" ><span class=\"sc_icon_type_ icon-passport\" style=\"color: #0B1647\"><\/span><\/div><div class=\"sc_icons_item_details\"><h4 class=\"sc_icons_item_title\" style=\"color:#055292;\"><span>Ki\u015fisel Asistanl\u0131k Hizmeti<\/span><\/h4><div class=\"sc_icons_item_description\"><span>7\/24 \u00f6zel asistan deste\u011fi ile seyahat planlamas\u0131, rezervasyonlar, etkinlik ve ki\u015fisel talepleriniz h\u0131zl\u0131 ve profesyonelce y\u00f6netilir.<\/span><\/div><\/div><\/div><\/div><div class=\"trx_addons_column-1_3\"><div class=\"sc_icons_item\"><div class=\"sc_icons_icon sc_icon_type_ icon-contract\" style=\"color: #0B1647\" ><span class=\"sc_icon_type_ icon-contract\" style=\"color: #0B1647\"><\/span><\/div><div class=\"sc_icons_item_details\"><h4 class=\"sc_icons_item_title\" style=\"color:#055292;\"><span>Stratejik Partnerlik ve \u0130\u015f Birlikleri<\/span><\/h4><div class=\"sc_icons_item_description\"><span>Global ve yerel partnerler ile \u00f6zel anla\u015fmalar, l\u00fcks deneyimler ve ortak projeler. \u0130\u015f ortaklar\u0131m\u0131za de\u011fer katan \u00e7\u00f6z\u00fcmler sunuyoruz.<\/span><\/div><\/div><\/div><\/div><\/div><\/div><!-- \/.sc_icons -->\t\t\t\t<\/div>\n\t\t\t\t<\/div>\n\t\t\t\t<div class=\"elementor-element elementor-element-0263c75 sc_height_huge sc_fly_static elementor-widget elementor-widget-spacer\" data-id=\"0263c75\" data-element_type=\"widget\" data-widget_type=\"spacer.default\">\n\t\t\t\t<div class=\"elementor-widget-container\">\n\t\t\t\t\t\t\t<div class=\"elementor-spacer\">\n\t\t\t<div class=\"elementor-spacer-inner\"><\/div>\n\t\t<\/div>\n\t\t\t\t\t\t<\/div>\n\t\t\t\t<\/div>\n\t\t\t\t\t<\/div>\n\t\t<\/div>\n\t\t\t\t\t<\/div>\n\t\t<\/section>\n\t\t\t\t<section class=\"elementor-section elementor-top-section elementor-element elementor-element-4944406 elementor-section-boxed elementor-section-height-default elementor-section-height-default sc_fly_static\" data-id=\"4944406\" data-element_type=\"section\">\n\t\t\t\t\t\t<div class=\"elementor-container elementor-column-gap-extended\">\n\t\t\t\t\t<div class=\"elementor-column elementor-col-100 elementor-top-column elementor-element elementor-element-b4eaa6e sc_content_align_inherit sc_layouts_column_icons_position_left sc_fly_static\" data-id=\"b4eaa6e\" data-element_type=\"column\">\n\t\t\t<div class=\"elementor-widget-wrap elementor-element-populated\">\n\t\t\t\t\t\t<div class=\"elementor-element elementor-element-4dbc136 sc_fly_static elementor-widget elementor-widget-trx_sc_title\" data-id=\"4dbc136\" data-element_type=\"widget\" data-widget_type=\"trx_sc_title.default\">\n\t\t\t\t<div class=\"elementor-widget-container\">\n\t\t\t\t\t<div\t\tclass=\"sc_title sc_title_default\" ><span class=\"sc_item_subtitle sc_title_subtitle sc_align_center sc_item_subtitle_above sc_item_title_style_default\">Rahatlay\u0131n ve keyfini \u00e7\u0131kar\u0131n<\/span><h1 class=\"sc_item_title sc_title_title sc_align_center sc_item_title_style_default sc_item_title_tag trx_addons_inline_1810693170 sc_typed\"\n\t\t\t><span class=\"sc_item_title_text\">L\u00fcks tatil k\u00f6yleri, \u00f6zel turlar ve VIP transferler, zevklerinize ve <span class=\"sc_typed_entry trx_addons_inline_831279226\" data-strings=\"[&quot;b\\u00fct\\u00e7e&quot;,&quot;stil&quot;,&quot;istekler&quot;]\" data-loop=\"1\" data-cursor=\"1\" data-cursor-char=\"_\" data-speed=\"6\" data-delay=\"1\">b\u00fct\u00e7e<\/span>nize g\u00f6re \u00f6zenle se\u00e7ilmi\u015ftir.<\/span><\/h1><\/div>\t\t\t\t<\/div>\n\t\t\t\t<\/div>\n\t\t\t\t<div class=\"elementor-element elementor-element-dc16d24 sc_fly_static elementor-widget elementor-widget-spacer\" data-id=\"dc16d24\" data-element_type=\"widget\" data-widget_type=\"spacer.default\">\n\t\t\t\t<div class=\"elementor-widget-container\">\n\t\t\t\t\t\t\t<div class=\"elementor-spacer\">\n\t\t\t<div class=\"elementor-spacer-inner\"><\/div>\n\t\t<\/div>\n\t\t\t\t\t\t<\/div>\n\t\t\t\t<\/div>\n\t\t\t\t\t<\/div>\n\t\t<\/div>\n\t\t\t\t\t<\/div>\n\t\t<\/section>\n\t\t\t\t<section class=\"elementor-section elementor-top-section elementor-element elementor-element-72c215e elementor-section-boxed elementor-section-height-default elementor-section-height-default sc_fly_static\" data-id=\"72c215e\" data-element_type=\"section\">\n\t\t\t\t\t\t<div class=\"elementor-container elementor-column-gap-extended\">\n\t\t\t\t\t<div class=\"elementor-column elementor-col-50 elementor-top-column elementor-element elementor-element-4cf9ba8 sc_content_align_inherit sc_layouts_column_icons_position_left sc_fly_static\" data-id=\"4cf9ba8\" data-element_type=\"column\">\n\t\t\t<div class=\"elementor-widget-wrap elementor-element-populated\">\n\t\t\t\t\t\t<div class=\"elementor-element elementor-element-067e608 sc_fly_static elementor-widget elementor-widget-spacer\" data-id=\"067e608\" data-element_type=\"widget\" data-widget_type=\"spacer.default\">\n\t\t\t\t<div class=\"elementor-widget-container\">\n\t\t\t\t\t\t\t<div class=\"elementor-spacer\">\n\t\t\t<div class=\"elementor-spacer-inner\"><\/div>\n\t\t<\/div>\n\t\t\t\t\t\t<\/div>\n\t\t\t\t<\/div>\n\t\t\t\t<div class=\"elementor-element elementor-element-48a6168 no-title sc_fly_static elementor-widget elementor-widget-image\" data-id=\"48a6168\" data-element_type=\"widget\" data-widget_type=\"image.default\">\n\t\t\t\t<div class=\"elementor-widget-container\">\n\t\t\t\t\t\t\t\t\t\t\t\t\t\t\t<img decoding=\"async\" src=\"https:\/\/treudeluxe.com\/wp-content\/uploads\/elementor\/thumbs\/group-tourism-treu-travel2-rdyy0ig5izfwq9cmdxi5mejo6rvfdfhj8p8d4fr57g.jpg\" title=\"group-tourism-treu-travel2\" alt=\"group-tourism-treu-travel2\" loading=\"lazy\" \/>\t\t\t\t\t\t\t\t\t\t\t\t\t\t\t<\/div>\n\t\t\t\t<\/div>\n\t\t\t\t\t<\/div>\n\t\t<\/div>\n\t\t\t\t<div class=\"elementor-column elementor-col-50 elementor-top-column elementor-element elementor-element-e809474 sc_content_align_inherit sc_layouts_column_icons_position_left sc_fly_static\" data-id=\"e809474\" data-element_type=\"column\">\n\t\t\t<div class=\"elementor-widget-wrap elementor-element-populated\">\n\t\t\t\t\t\t<div class=\"elementor-element elementor-element-0008fb4 no-title sc_fly_static elementor-widget elementor-widget-image\" data-id=\"0008fb4\" data-element_type=\"widget\" data-widget_type=\"image.default\">\n\t\t\t\t<div class=\"elementor-widget-container\">\n\t\t\t\t\t\t\t\t\t\t\t\t\t\t\t<img decoding=\"async\" src=\"https:\/\/treudeluxe.com\/wp-content\/uploads\/elementor\/thumbs\/sejour-tourism-treu-travel2-rdyva8fmykwmu03s9g6ex7co8g9ukpbv29oqqxgzrw.jpg\" title=\"sejour-tourism-treu-travel2\" alt=\"sejour-tourism-treu-travel2\" loading=\"lazy\" \/>\t\t\t\t\t\t\t\t\t\t\t\t\t\t\t<\/div>\n\t\t\t\t<\/div>\n\t\t\t\t\t<\/div>\n\t\t<\/div>\n\t\t\t\t\t<\/div>\n\t\t<\/section>\n\t\t\t\t<section class=\"elementor-section elementor-top-section elementor-element elementor-element-561173e elementor-section-boxed elementor-section-height-default elementor-section-height-default sc_fly_static\" data-id=\"561173e\" data-element_type=\"section\">\n\t\t\t\t\t\t<div class=\"elementor-container elementor-column-gap-extended\">\n\t\t\t\t\t<div class=\"elementor-column elementor-col-100 elementor-top-column elementor-element elementor-element-0ce2b71 sc_content_align_inherit sc_layouts_column_icons_position_left sc_fly_static\" data-id=\"0ce2b71\" data-element_type=\"column\">\n\t\t\t<div class=\"elementor-widget-wrap elementor-element-populated\">\n\t\t\t\t\t\t<div class=\"elementor-element elementor-element-f560795 sc_height_huge sc_fly_static elementor-widget elementor-widget-spacer\" data-id=\"f560795\" data-element_type=\"widget\" data-widget_type=\"spacer.default\">\n\t\t\t\t<div class=\"elementor-widget-container\">\n\t\t\t\t\t\t\t<div class=\"elementor-spacer\">\n\t\t\t<div class=\"elementor-spacer-inner\"><\/div>\n\t\t<\/div>\n\t\t\t\t\t\t<\/div>\n\t\t\t\t<\/div>\n\t\t\t\t\t<\/div>\n\t\t<\/div>\n\t\t\t\t\t<\/div>\n\t\t<\/section>\n\t\t\t\t<\/div>\n\t\t","protected":false},"excerpt":{"rendered":"<p>Premium hizmet Kapsaml\u0131 seyahat hizmeti sunuyoruz L\u00fcks Seyahat Planlama \u00d6zel destinasyonlar, VIP deneyimler ve ki\u015fiye&hellip;<\/p>\n","protected":false},"author":1,"featured_media":0,"parent":0,"menu_order":0,"comment_status":"closed","ping_status":"closed","template":"","meta":{"footnotes":""},"class_list":["post-407","page","type-page","status-publish","hentry"],"_links":{"self":[{"href":"https:\/\/treudeluxe.com\/tr\/wp-json\/wp\/v2\/pages\/407","targetHints":{"allow":["GET"]}}],"collection":[{"href":"https:\/\/treudeluxe.com\/tr\/wp-json\/wp\/v2\/pages"}],"about":[{"href":"https:\/\/treudeluxe.com\/tr\/wp-json\/wp\/v2\/types\/page"}],"author":[{"embeddable":true,"href":"https:\/\/treudeluxe.com\/tr\/wp-json\/wp\/v2\/users\/1"}],"replies":[{"embeddable":true,"href":"https:\/\/treudeluxe.com\/tr\/wp-json\/wp\/v2\/comments?post=407"}],"version-history":[{"count":10,"href":"https:\/\/treudeluxe.com\/tr\/wp-json\/wp\/v2\/pages\/407\/revisions"}],"predecessor-version":[{"id":427,"href":"https:\/\/treudeluxe.com\/tr\/wp-json\/wp\/v2\/pages\/407\/revisions\/427"}],"wp:attachment":[{"href":"https:\/\/treudeluxe.com\/tr\/wp-json\/wp\/v2\/media?parent=407"}],"curies":[{"name":"wp","href":"https:\/\/api.w.org\/{rel}","templated":true}]}}